{"id":24779,"date":"2025-08-11T14:58:44","date_gmt":"2025-08-11T14:58:44","guid":{"rendered":"https:\/\/tonakaicollectibles.com\/?post_type=product&#038;p=24779"},"modified":"2026-01-24T21:05:59","modified_gmt":"2026-01-24T21:05:59","slug":"pokemon-tcg-pokemon-card-display-set-gift-box-eevee","status":"publish","type":"product","link":"https:\/\/tonakaicollectibles.com\/en\/product\/pokemon-tcg-pokemon-card-display-set-gift-box-eevee\/","title":{"rendered":"Pok\u00e9mon TCG: Pok\u00e9mon Card Display Set Gift Box Eevee"},"content":{"rendered":"<p>Pok\u00e9mon TCG: Pok\u00e9mon Card Display Set Gift Box Eevee (Chinese)<\/p>","protected":false},"excerpt":{"rendered":"<p>Pok\u00e9mon TCG: Pok\u00e9mon Card Display Set Gift Box Eevee (Chinese)<\/p>","protected":false},"featured_media":24781,"comment_status":"open","ping_status":"closed","template":"","meta":[],"product_brand":[321],"product_cat":[289,200],"product_tag":[],"class_list":{"0":"post-24779","1":"product","2":"type-product","3":"status-publish","4":"has-post-thumbnail","6":"product_brand-pokemon","7":"product_cat-pokemon-tcg","8":"product_cat-trading-card-games-tcg","10":"first","11":"onbackorder","12":"shipping-taxable","13":"purchasable","14":"product-type-simple"},"_links":{"self":[{"href":"https:\/\/tonakaicollectibles.com\/en\/wp-json\/wp\/v2\/product\/24779","targetHints":{"allow":["GET"]}}],"collection":[{"href":"https:\/\/tonakaicollectibles.com\/en\/wp-json\/wp\/v2\/product"}],"about":[{"href":"https:\/\/tonakaicollectibles.com\/en\/wp-json\/wp\/v2\/types\/product"}],"replies":[{"embeddable":true,"href":"https:\/\/tonakaicollectibles.com\/en\/wp-json\/wp\/v2\/comments?post=24779"}],"wp:featuredmedia":[{"embeddable":true,"href":"https:\/\/tonakaicollectibles.com\/en\/wp-json\/wp\/v2\/media\/24781"}],"wp:attachment":[{"href":"https:\/\/tonakaicollectibles.com\/en\/wp-json\/wp\/v2\/media?parent=24779"}],"wp:term":[{"taxonomy":"product_brand","embeddable":true,"href":"https:\/\/tonakaicollectibles.com\/en\/wp-json\/wp\/v2\/product_brand?post=24779"},{"taxonomy":"product_cat","embeddable":true,"href":"https:\/\/tonakaicollectibles.com\/en\/wp-json\/wp\/v2\/product_cat?post=24779"},{"taxonomy":"product_tag","embeddable":true,"href":"https:\/\/tonakaicollectibles.com\/en\/wp-json\/wp\/v2\/product_tag?post=24779"}],"curies":[{"name":"wp","href":"https:\/\/api.w.org\/{rel}","templated":true}]}}