{"id":26347,"date":"2026-05-03T10:32:14","date_gmt":"2026-05-03T10:32:14","guid":{"rendered":"https:\/\/tonakaicollectibles.com\/?post_type=product&#038;p=26347"},"modified":"2026-05-03T10:32:15","modified_gmt":"2026-05-03T10:32:15","slug":"funko-bitty-pop-pokemon-poke-ball-display","status":"publish","type":"product","link":"https:\/\/tonakaicollectibles.com\/en\/product\/funko-bitty-pop-pokemon-poke-ball-display\/","title":{"rendered":"Funko Bitty POP! Pok\u00e9mon Pok\u00e9 Ball Display"},"content":{"rendered":"<p>Funko Bitty POP! Pok\u00e9mon Pok\u00e9 Ball Display<\/p>","protected":false},"excerpt":{"rendered":"<p>Funko Bitty POP! Pok\u00e9mon Pok\u00e9 Ball Display<\/p>","protected":false},"featured_media":26350,"comment_status":"open","ping_status":"closed","template":"","meta":[],"product_brand":[277],"product_cat":[286],"product_tag":[],"class_list":{"0":"post-26347","1":"product","2":"type-product","3":"status-publish","4":"has-post-thumbnail","6":"product_brand-naruto","7":"product_cat-bitty-pop","9":"first","10":"onbackorder","11":"shipping-taxable","12":"purchasable","13":"product-type-simple"},"_links":{"self":[{"href":"https:\/\/tonakaicollectibles.com\/en\/wp-json\/wp\/v2\/product\/26347","targetHints":{"allow":["GET"]}}],"collection":[{"href":"https:\/\/tonakaicollectibles.com\/en\/wp-json\/wp\/v2\/product"}],"about":[{"href":"https:\/\/tonakaicollectibles.com\/en\/wp-json\/wp\/v2\/types\/product"}],"replies":[{"embeddable":true,"href":"https:\/\/tonakaicollectibles.com\/en\/wp-json\/wp\/v2\/comments?post=26347"}],"wp:featuredmedia":[{"embeddable":true,"href":"https:\/\/tonakaicollectibles.com\/en\/wp-json\/wp\/v2\/media\/26350"}],"wp:attachment":[{"href":"https:\/\/tonakaicollectibles.com\/en\/wp-json\/wp\/v2\/media?parent=26347"}],"wp:term":[{"taxonomy":"product_brand","embeddable":true,"href":"https:\/\/tonakaicollectibles.com\/en\/wp-json\/wp\/v2\/product_brand?post=26347"},{"taxonomy":"product_cat","embeddable":true,"href":"https:\/\/tonakaicollectibles.com\/en\/wp-json\/wp\/v2\/product_cat?post=26347"},{"taxonomy":"product_tag","embeddable":true,"href":"https:\/\/tonakaicollectibles.com\/en\/wp-json\/wp\/v2\/product_tag?post=26347"}],"curies":[{"name":"wp","href":"https:\/\/api.w.org\/{rel}","templated":true}]}}